{"id":60,"date":"2022-05-12T15:21:45","date_gmt":"2022-05-12T18:21:45","guid":{"rendered":"https:\/\/confeitandoboloscomamor.com.br\/?page_id=60"},"modified":"2022-05-14T16:28:43","modified_gmt":"2022-05-14T19:28:43","slug":"elementor-60","status":"publish","type":"page","link":"https:\/\/www.confeitandoboloscomamor.com.br\/?page_id=60","title":{"rendered":"Escola De Bolos BY Marrara"},"content":{"rendered":"\t\t<div data-elementor-type=\"wp-page\" data-elementor-id=\"60\" class=\"elementor elementor-60\">\n\t\t\t\t\t\t\t\t\t<section class=\"elementor-section elementor-top-section elementor-element elementor-element-2ed9f8cf elementor-section-boxed elementor-section-height-default elementor-section-height-default\" data-id=\"2ed9f8cf\" data-element_type=\"section\" data-settings=\"{&quot;background_background&quot;:&quot;slideshow&quot;,&quot;background_slideshow_gallery&quot;:[{&quot;id&quot;:73,&quot;url&quot;:&quot;https:\\\/\\\/confeitandoboloscomamor.com.br\\\/wp-content\\\/uploads\\\/2022\\\/05\\\/3433814-scaled-1.jpg&quot;}],&quot;background_slideshow_loop&quot;:&quot;yes&quot;,&quot;background_slideshow_slide_duration&quot;:5000,&quot;background_slideshow_slide_transition&quot;:&quot;fade&quot;,&quot;background_slideshow_transition_duration&quot;:500}\">\n\t\t\t\t\t\t<div class=\"elementor-container elementor-column-gap-default\">\n\t\t\t\t\t<div class=\"elementor-column elementor-col-50 elementor-top-column elementor-element elementor-element-5993a8ac\" data-id=\"5993a8ac\" data-element_type=\"column\">\n\t\t\t<div class=\"elementor-widget-wrap elementor-element-populated\">\n\t\t\t\t\t\t\t\t<div class=\"elementor-element elementor-element-30b123dd elementor-widget elementor-widget-text-editor\" data-id=\"30b123dd\" data-element_type=\"widget\" data-widget_type=\"text-editor.default\">\n\t\t\t\t<div class=\"elementor-widget-container\">\n\t\t\t<style>\/*! elementor - v3.6.5 - 27-04-2022 *\/\n.elementor-widget-text-editor.elementor-drop-cap-view-stacked .elementor-drop-cap{background-color:#818a91;color:#fff}.elementor-widget-text-editor.elementor-drop-cap-view-framed .elementor-drop-cap{color:#818a91;border:3px solid;background-color:transparent}.elementor-widget-text-editor:not(.elementor-drop-cap-view-default) .elementor-drop-cap{margin-top:8px}.elementor-widget-text-editor:not(.elementor-drop-cap-view-default) .elementor-drop-cap-letter{width:1em;height:1em}.elementor-widget-text-editor .elementor-drop-cap{float:left;text-align:center;line-height:1;font-size:50px}.elementor-widget-text-editor .elementor-drop-cap-letter{display:inline-block}<\/style>\t\t\t\t<div data-pm-slice=\"1 1 []\" data-en-clipboard=\"true\"><span style=\"color: #ff00ff;\"><strong>SEMANA MEU BOLO PERFEITO EM 5 DIAS<\/strong><\/span><\/div><div data-pm-slice=\"1 1 []\" data-en-clipboard=\"true\"><span style=\"color: #333333;\">com Marrara Bortoloti<\/span><\/div>\t\t\t\t\t\t<\/div>\n\t\t\t\t<\/div>\n\t\t\t\t<div class=\"elementor-element elementor-element-2bfc13d5 elementor-hidden-desktop elementor-hidden-tablet elementor-widget elementor-widget-image\" data-id=\"2bfc13d5\" data-element_type=\"widget\" data-widget_type=\"image.default\">\n\t\t\t\t<div class=\"elementor-widget-container\">\n\t\t\t<style>\/*! elementor - v3.6.5 - 27-04-2022 *\/\n.elementor-widget-image{text-align:center}.elementor-widget-image a{display:inline-block}.elementor-widget-image a img[src$=\".svg\"]{width:48px}.elementor-widget-image img{vertical-align:middle;display:inline-block}<\/style>\t\t\t\t\t\t\t\t\t\t\t\t<img loading=\"lazy\" decoding=\"async\" width=\"1158\" height=\"1010\" src=\"https:\/\/www.confeitandoboloscomamor.com.br\/wp-content\/uploads\/2022\/05\/polaroide-marrara-4-fotos.png\" class=\"attachment-full size-full\" alt=\"\" srcset=\"https:\/\/www.confeitandoboloscomamor.com.br\/wp-content\/uploads\/2022\/05\/polaroide-marrara-4-fotos.png 1158w, https:\/\/www.confeitandoboloscomamor.com.br\/wp-content\/uploads\/2022\/05\/polaroide-marrara-4-fotos-300x262.png 300w, https:\/\/www.confeitandoboloscomamor.com.br\/wp-content\/uploads\/2022\/05\/polaroide-marrara-4-fotos-1024x893.png 1024w, https:\/\/www.confeitandoboloscomamor.com.br\/wp-content\/uploads\/2022\/05\/polaroide-marrara-4-fotos-768x670.png 768w\" sizes=\"auto, (max-width: 1158px) 100vw, 1158px\" \/>\t\t\t\t\t\t\t\t\t\t\t\t\t\t\t<\/div>\n\t\t\t\t<\/div>\n\t\t\t\t<div class=\"elementor-element elementor-element-28855316 elementor-widget elementor-widget-text-editor\" data-id=\"28855316\" data-element_type=\"widget\" data-widget_type=\"text-editor.default\">\n\t\t\t\t<div class=\"elementor-widget-container\">\n\t\t\t\t\t\t\t<div data-pm-slice=\"1 1 []\" data-en-clipboard=\"true\"><div style=\"text-align: left;\" data-pm-slice=\"1 1 []\" data-en-clipboard=\"true\"><span style=\"color: #333333;\">Descubra como fazer sucesso com bolos em chantininho, utilizando apenas uma <span style=\"color: #ff00ff;\">massa,<\/span> um <span style=\"color: #ff00ff;\">recheio estruturado<\/span> e um \u00fanico <span style=\"color: #ff00ff;\">bico de confeitar.<\/span><\/span><\/div><\/div>\t\t\t\t\t\t<\/div>\n\t\t\t\t<\/div>\n\t\t\t\t<div class=\"elementor-element elementor-element-67e28b65 elementor-widget elementor-widget-heading\" data-id=\"67e28b65\" data-element_type=\"widget\" data-widget_type=\"heading.default\">\n\t\t\t\t<div class=\"elementor-widget-container\">\n\t\t\t<style>\/*! elementor - v3.6.5 - 27-04-2022 *\/\n.elementor-heading-title{padding:0;margin:0;line-height:1}.elementor-widget-heading .elementor-heading-title[class*=elementor-size-]>a{color:inherit;font-size:inherit;line-height:inherit}.elementor-widget-heading .elementor-heading-title.elementor-size-small{font-size:15px}.elementor-widget-heading .elementor-heading-title.elementor-size-medium{font-size:19px}.elementor-widget-heading .elementor-heading-title.elementor-size-large{font-size:29px}.elementor-widget-heading .elementor-heading-title.elementor-size-xl{font-size:39px}.elementor-widget-heading .elementor-heading-title.elementor-size-xxl{font-size:59px}<\/style><h2 class=\"elementor-heading-title elementor-size-default\">ONLINE, GRATUITO E DIRETO AO PONTO<\/h2>\t\t<\/div>\n\t\t\t\t<\/div>\n\t\t\t\t<div class=\"elementor-element elementor-element-3fc8a7d8 elementor-align-left elementor-widget elementor-widget-button\" data-id=\"3fc8a7d8\" data-element_type=\"widget\" data-widget_type=\"button.default\">\n\t\t\t\t<div class=\"elementor-widget-container\">\n\t\t\t\t\t<div class=\"elementor-button-wrapper\">\n\t\t\t<a href=\"https:\/\/rebrand.ly\/6flpme6\" class=\"elementor-button-link elementor-button elementor-size-sm\" role=\"button\">\n\t\t\t\t\t\t<span class=\"elementor-button-content-wrapper\">\n\t\t\t\t\t\t\t<span class=\"elementor-button-icon elementor-align-icon-left\">\n\t\t\t\t<i aria-hidden=\"true\" class=\"fab fa-whatsapp\"><\/i>\t\t\t<\/span>\n\t\t\t\t\t\t<span class=\"elementor-button-text\">TOQUE AQUI E ENTRE NO GRUPO PARA PARTICIPAR<\/span>\n\t\t<\/span>\n\t\t\t\t\t<\/a>\n\t\t<\/div>\n\t\t\t\t<\/div>\n\t\t\t\t<\/div>\n\t\t\t\t<div class=\"elementor-element elementor-element-1a74f57e elementor-widget elementor-widget-text-editor\" data-id=\"1a74f57e\" data-element_type=\"widget\" data-widget_type=\"text-editor.default\">\n\t\t\t\t<div class=\"elementor-widget-container\">\n\t\t\t\t\t\t\t<div data-pm-slice=\"1 1 []\" data-en-clipboard=\"true\"><div data-pm-slice=\"1 1 []\" data-en-clipboard=\"true\"><div data-pm-slice=\"1 1 []\" data-en-clipboard=\"true\"><span style=\"color: #333333;\">De acordo com a lei 12.965\/2014 e 13.709\/2018, autorizo Marrara Bortoloti a enviar comunica\u00e7\u00f5es por whatsapp e concordo com a sua pol\u00edtica de privacidade.<\/span><\/div><\/div><\/div>\t\t\t\t\t\t<\/div>\n\t\t\t\t<\/div>\n\t\t\t\t<div class=\"elementor-element elementor-element-29b23364 elementor-widget elementor-widget-counter\" data-id=\"29b23364\" data-element_type=\"widget\" data-widget_type=\"counter.default\">\n\t\t\t\t<div class=\"elementor-widget-container\">\n\t\t\t<style>\/*! elementor - v3.6.5 - 27-04-2022 *\/\n.elementor-counter .elementor-counter-number-wrapper{display:-webkit-box;display:-ms-flexbox;display:flex;font-size:69px;font-weight:600;line-height:1}.elementor-counter .elementor-counter-number-prefix,.elementor-counter .elementor-counter-number-suffix{-webkit-box-flex:1;-ms-flex-positive:1;flex-grow:1;white-space:pre-wrap}.elementor-counter .elementor-counter-number-prefix{text-align:right}.elementor-counter .elementor-counter-number-suffix{text-align:left}.elementor-counter .elementor-counter-title{text-align:center;font-size:19px;font-weight:400;line-height:2.5}<\/style>\t\t<div class=\"elementor-counter\">\n\t\t\t<div class=\"elementor-counter-number-wrapper\">\n\t\t\t\t<span class=\"elementor-counter-number-prefix\"><\/span>\n\t\t\t\t<span class=\"elementor-counter-number\" data-duration=\"100000\" data-to-value=\"1\" data-from-value=\"300\" data-delimiter=\",\">300<\/span>\n\t\t\t\t<span class=\"elementor-counter-number-suffix\"><\/span>\n\t\t\t<\/div>\n\t\t\t\t\t\t\t<div class=\"elementor-counter-title\">Vagas restantes<\/div>\n\t\t\t\t\t<\/div>\n\t\t\t\t<\/div>\n\t\t\t\t<\/div>\n\t\t\t\t<div class=\"elementor-element elementor-element-798ff2ed elementor-widget elementor-widget-text-editor\" data-id=\"798ff2ed\" data-element_type=\"widget\" data-widget_type=\"text-editor.default\">\n\t\t\t\t<div class=\"elementor-widget-container\">\n\t\t\t\t\t\t\t<div data-pm-slice=\"1 1 []\" data-en-clipboard=\"true\"><div data-pm-slice=\"1 1 []\" data-en-clipboard=\"true\"><div style=\"text-align: center;\" data-pm-slice=\"1 1 []\" data-en-clipboard=\"true\"><span style=\"color: #363636;\"><span style=\"color: #333333;\">Toque no bot\u00e3o acima para garantir sua vaga na\u00a0<\/span><span style=\"color: #ff00ff;\"><strong><span style=\"color: #ff00ff;\">semana meu bolo perfeito em 5 dias.\u00a0<\/span><\/strong><\/span><span style=\"color: #333333;\">Supere os desafios que fazem muitas confeiteiras a desistirem do trabalho com os bicos de confeitar.<\/span><\/span><\/div><\/div><\/div>\t\t\t\t\t\t<\/div>\n\t\t\t\t<\/div>\n\t\t\t\t\t<\/div>\n\t\t<\/div>\n\t\t\t\t<div class=\"elementor-column elementor-col-50 elementor-top-column elementor-element elementor-element-3eff9a4b\" data-id=\"3eff9a4b\" data-element_type=\"column\">\n\t\t\t<div class=\"elementor-widget-wrap elementor-element-populated\">\n\t\t\t\t\t\t\t\t<div class=\"elementor-element elementor-element-29f2d9b2 elementor-hidden-mobile elementor-widget elementor-widget-image\" data-id=\"29f2d9b2\" data-element_type=\"widget\" data-widget_type=\"image.default\">\n\t\t\t\t<div class=\"elementor-widget-container\">\n\t\t\t\t\t\t\t\t\t\t\t\t\t\t\t<img loading=\"lazy\" decoding=\"async\" width=\"1158\" height=\"1010\" src=\"https:\/\/www.confeitandoboloscomamor.com.br\/wp-content\/uploads\/2022\/05\/polaroide-marrara-4-fotos.png\" class=\"attachment-full size-full\" alt=\"\" srcset=\"https:\/\/www.confeitandoboloscomamor.com.br\/wp-content\/uploads\/2022\/05\/polaroide-marrara-4-fotos.png 1158w, https:\/\/www.confeitandoboloscomamor.com.br\/wp-content\/uploads\/2022\/05\/polaroide-marrara-4-fotos-300x262.png 300w, https:\/\/www.confeitandoboloscomamor.com.br\/wp-content\/uploads\/2022\/05\/polaroide-marrara-4-fotos-1024x893.png 1024w, https:\/\/www.confeitandoboloscomamor.com.br\/wp-content\/uploads\/2022\/05\/polaroide-marrara-4-fotos-768x670.png 768w\" sizes=\"auto, (max-width: 1158px) 100vw, 1158px\" \/>\t\t\t\t\t\t\t\t\t\t\t\t\t\t\t<\/div>\n\t\t\t\t<\/div>\n\t\t\t\t\t<\/div>\n\t\t<\/div>\n\t\t\t\t\t\t\t<\/div>\n\t\t<\/section>\n\t\t\t\t<section class=\"elementor-section elementor-top-section elementor-element elementor-element-1bf7776a elementor-section-boxed elementor-section-height-default elementor-section-height-default\" data-id=\"1bf7776a\" data-element_type=\"section\" data-settings=\"{&quot;background_background&quot;:&quot;classic&quot;}\">\n\t\t\t\t\t\t<div class=\"elementor-container elementor-column-gap-default\">\n\t\t\t\t\t<div class=\"elementor-column elementor-col-100 elementor-top-column elementor-element elementor-element-b3622f0\" data-id=\"b3622f0\" data-element_type=\"column\">\n\t\t\t<div class=\"elementor-widget-wrap elementor-element-populated\">\n\t\t\t\t\t\t\t\t<div class=\"elementor-element elementor-element-70713abf elementor-widget elementor-widget-text-editor\" data-id=\"70713abf\" data-element_type=\"widget\" data-widget_type=\"text-editor.default\">\n\t\t\t\t<div class=\"elementor-widget-container\">\n\t\t\t\t\t\t\t<p><span style=\"color: #ffffff;\">O que voc\u00ea\u00a0<b>vai aprender?<\/b><\/span><\/p>\t\t\t\t\t\t<\/div>\n\t\t\t\t<\/div>\n\t\t\t\t<section class=\"elementor-section elementor-inner-section elementor-element elementor-element-3eac278f elementor-section-boxed elementor-section-height-default elementor-section-height-default\" data-id=\"3eac278f\" data-element_type=\"section\">\n\t\t\t\t\t\t<div class=\"elementor-container elementor-column-gap-default\">\n\t\t\t\t\t<div class=\"elementor-column elementor-col-33 elementor-inner-column elementor-element elementor-element-66e01ba4\" data-id=\"66e01ba4\" data-element_type=\"column\">\n\t\t\t<div class=\"elementor-widget-wrap elementor-element-populated\">\n\t\t\t\t\t\t\t\t<div class=\"elementor-element elementor-element-7552322d elementor-widget elementor-widget-image\" data-id=\"7552322d\" data-element_type=\"widget\" data-widget_type=\"image.default\">\n\t\t\t\t<div class=\"elementor-widget-container\">\n\t\t\t\t\t\t\t\t\t\t\t\t\t\t\t<img loading=\"lazy\" decoding=\"async\" width=\"512\" height=\"512\" src=\"https:\/\/www.confeitandoboloscomamor.com.br\/wp-content\/uploads\/2022\/05\/whisk.png\" class=\"attachment-large size-large\" alt=\"\" srcset=\"https:\/\/www.confeitandoboloscomamor.com.br\/wp-content\/uploads\/2022\/05\/whisk.png 512w, https:\/\/www.confeitandoboloscomamor.com.br\/wp-content\/uploads\/2022\/05\/whisk-300x300.png 300w, https:\/\/www.confeitandoboloscomamor.com.br\/wp-content\/uploads\/2022\/05\/whisk-150x150.png 150w\" sizes=\"auto, (max-width: 512px) 100vw, 512px\" \/>\t\t\t\t\t\t\t\t\t\t\t\t\t\t\t<\/div>\n\t\t\t\t<\/div>\n\t\t\t\t<div class=\"elementor-element elementor-element-72623bee elementor-widget elementor-widget-text-editor\" data-id=\"72623bee\" data-element_type=\"widget\" data-widget_type=\"text-editor.default\">\n\t\t\t\t<div class=\"elementor-widget-container\">\n\t\t\t\t\t\t\t<div style=\"text-align: center;\" data-pm-slice=\"1 1 []\" data-en-clipboard=\"true\"><span style=\"color: #ffffff;\">Por onde come\u00e7ar na confeitaria e a melhor massa, que pode ser a base de qualquer bolo.<\/span><\/div>\t\t\t\t\t\t<\/div>\n\t\t\t\t<\/div>\n\t\t\t\t\t<\/div>\n\t\t<\/div>\n\t\t\t\t<div class=\"elementor-column elementor-col-33 elementor-inner-column elementor-element elementor-element-5fa43721\" data-id=\"5fa43721\" data-element_type=\"column\">\n\t\t\t<div class=\"elementor-widget-wrap elementor-element-populated\">\n\t\t\t\t\t\t\t\t<div class=\"elementor-element elementor-element-2196c570 elementor-widget elementor-widget-image\" data-id=\"2196c570\" data-element_type=\"widget\" data-widget_type=\"image.default\">\n\t\t\t\t<div class=\"elementor-widget-container\">\n\t\t\t\t\t\t\t\t\t\t\t\t\t\t\t<img loading=\"lazy\" decoding=\"async\" width=\"512\" height=\"512\" src=\"https:\/\/www.confeitandoboloscomamor.com.br\/wp-content\/uploads\/2022\/05\/chef.png\" class=\"attachment-large size-large\" alt=\"\" srcset=\"https:\/\/www.confeitandoboloscomamor.com.br\/wp-content\/uploads\/2022\/05\/chef.png 512w, https:\/\/www.confeitandoboloscomamor.com.br\/wp-content\/uploads\/2022\/05\/chef-300x300.png 300w, https:\/\/www.confeitandoboloscomamor.com.br\/wp-content\/uploads\/2022\/05\/chef-150x150.png 150w\" sizes=\"auto, (max-width: 512px) 100vw, 512px\" \/>\t\t\t\t\t\t\t\t\t\t\t\t\t\t\t<\/div>\n\t\t\t\t<\/div>\n\t\t\t\t<div class=\"elementor-element elementor-element-1e904cef elementor-widget elementor-widget-text-editor\" data-id=\"1e904cef\" data-element_type=\"widget\" data-widget_type=\"text-editor.default\">\n\t\t\t\t<div class=\"elementor-widget-container\">\n\t\t\t\t\t\t\t<div data-pm-slice=\"1 1 []\" data-en-clipboard=\"true\"><div style=\"text-align: center;\" data-pm-slice=\"1 1 []\" data-en-clipboard=\"true\"><span style=\"color: #ffffff;\">O recheio que vai fazer chover encomendas e a forma correta de fazer a prensagem, com isso seus bolos nunca mais ir\u00e3o desmoronar!<\/span><\/div><\/div>\t\t\t\t\t\t<\/div>\n\t\t\t\t<\/div>\n\t\t\t\t\t<\/div>\n\t\t<\/div>\n\t\t\t\t<div class=\"elementor-column elementor-col-33 elementor-inner-column elementor-element elementor-element-41b39e0\" data-id=\"41b39e0\" data-element_type=\"column\">\n\t\t\t<div class=\"elementor-widget-wrap elementor-element-populated\">\n\t\t\t\t\t\t\t\t<div class=\"elementor-element elementor-element-126f4e53 elementor-widget elementor-widget-image\" data-id=\"126f4e53\" data-element_type=\"widget\" data-widget_type=\"image.default\">\n\t\t\t\t<div class=\"elementor-widget-container\">\n\t\t\t\t\t\t\t\t\t\t\t\t\t\t\t<img loading=\"lazy\" decoding=\"async\" width=\"512\" height=\"512\" src=\"https:\/\/www.confeitandoboloscomamor.com.br\/wp-content\/uploads\/2022\/05\/cake.png\" class=\"attachment-large size-large\" alt=\"\" srcset=\"https:\/\/www.confeitandoboloscomamor.com.br\/wp-content\/uploads\/2022\/05\/cake.png 512w, https:\/\/www.confeitandoboloscomamor.com.br\/wp-content\/uploads\/2022\/05\/cake-300x300.png 300w, https:\/\/www.confeitandoboloscomamor.com.br\/wp-content\/uploads\/2022\/05\/cake-150x150.png 150w\" sizes=\"auto, (max-width: 512px) 100vw, 512px\" \/>\t\t\t\t\t\t\t\t\t\t\t\t\t\t\t<\/div>\n\t\t\t\t<\/div>\n\t\t\t\t<div class=\"elementor-element elementor-element-a466a7c elementor-widget elementor-widget-text-editor\" data-id=\"a466a7c\" data-element_type=\"widget\" data-widget_type=\"text-editor.default\">\n\t\t\t\t<div class=\"elementor-widget-container\">\n\t\t\t\t\t\t\t<div data-pm-slice=\"1 1 []\" data-en-clipboard=\"true\"><div style=\"text-align: center;\" data-pm-slice=\"1 1 []\" data-en-clipboard=\"true\"><span style=\"color: #ffffff;\">Acerte o ponto do chantininho em 3 passos simples e infal\u00edveis. Aprenda 3 decora\u00e7\u00f5es lindas com apenas 1 bico de confeitar.<\/span><\/div><\/div>\t\t\t\t\t\t<\/div>\n\t\t\t\t<\/div>\n\t\t\t\t\t<\/div>\n\t\t<\/div>\n\t\t\t\t\t\t\t<\/div>\n\t\t<\/section>\n\t\t\t\t<div class=\"elementor-element elementor-element-218a5408 elementor-widget elementor-widget-text-editor\" data-id=\"218a5408\" data-element_type=\"widget\" data-widget_type=\"text-editor.default\">\n\t\t\t\t<div class=\"elementor-widget-container\">\n\t\t\t\t\t\t\t<p><span style=\"color: #ffffff;\"><b>TOQUE NO BOT\u00c3O LARANJA E GARANTA SUA VAGA AGORA MESMO!<\/b><\/span><\/p>\t\t\t\t\t\t<\/div>\n\t\t\t\t<\/div>\n\t\t\t\t<div class=\"elementor-element elementor-element-299f7d67 elementor-align-center elementor-mobile-align-center elementor-widget elementor-widget-button\" data-id=\"299f7d67\" data-element_type=\"widget\" data-widget_type=\"button.default\">\n\t\t\t\t<div class=\"elementor-widget-container\">\n\t\t\t\t\t<div class=\"elementor-button-wrapper\">\n\t\t\t<a href=\"https:\/\/rebrand.ly\/6flpme6\" class=\"elementor-button-link elementor-button elementor-size-sm\" role=\"button\">\n\t\t\t\t\t\t<span class=\"elementor-button-content-wrapper\">\n\t\t\t\t\t\t<span class=\"elementor-button-text\">EU QUERO PARTICIPAR<\/span>\n\t\t<\/span>\n\t\t\t\t\t<\/a>\n\t\t<\/div>\n\t\t\t\t<\/div>\n\t\t\t\t<\/div>\n\t\t\t\t\t<\/div>\n\t\t<\/div>\n\t\t\t\t\t\t\t<\/div>\n\t\t<\/section>\n\t\t\t\t<section class=\"elementor-section elementor-top-section elementor-element elementor-element-4b581ad elementor-section-boxed elementor-section-height-default elementor-section-height-default\" data-id=\"4b581ad\" data-element_type=\"section\" data-settings=\"{&quot;background_background&quot;:&quot;slideshow&quot;,&quot;background_slideshow_gallery&quot;:[{&quot;id&quot;:73,&quot;url&quot;:&quot;https:\\\/\\\/confeitandoboloscomamor.com.br\\\/wp-content\\\/uploads\\\/2022\\\/05\\\/3433814-scaled-1.jpg&quot;}],&quot;background_slideshow_loop&quot;:&quot;yes&quot;,&quot;background_slideshow_slide_duration&quot;:5000,&quot;background_slideshow_slide_transition&quot;:&quot;fade&quot;,&quot;background_slideshow_transition_duration&quot;:500}\">\n\t\t\t\t\t\t<div class=\"elementor-container elementor-column-gap-default\">\n\t\t\t\t\t<div class=\"elementor-column elementor-col-100 elementor-top-column elementor-element elementor-element-1bd4e4c5\" data-id=\"1bd4e4c5\" data-element_type=\"column\">\n\t\t\t<div class=\"elementor-widget-wrap elementor-element-populated\">\n\t\t\t\t\t\t\t\t<div class=\"elementor-element elementor-element-7d3ed66f elementor-widget elementor-widget-text-editor\" data-id=\"7d3ed66f\" data-element_type=\"widget\" data-widget_type=\"text-editor.default\">\n\t\t\t\t<div class=\"elementor-widget-container\">\n\t\t\t\t\t\t\t<p><span style=\"color: #ffffff;\"><span style=\"color: #363636;\">QUEM \u00c9<\/span><span style=\"color: #a60588;\"><span style=\"color: #363636;\">\u00a0<\/span><span style=\"color: #ff00ff;\"><strong>MARRARA BORTOLOTI?<\/strong><\/span><\/span><\/span><\/p>\t\t\t\t\t\t<\/div>\n\t\t\t\t<\/div>\n\t\t\t\t<section class=\"elementor-section elementor-inner-section elementor-element elementor-element-6a3601bf elementor-section-boxed elementor-section-height-default elementor-section-height-default\" data-id=\"6a3601bf\" data-element_type=\"section\">\n\t\t\t\t\t\t<div class=\"elementor-container elementor-column-gap-default\">\n\t\t\t\t\t<div class=\"elementor-column elementor-col-50 elementor-inner-column elementor-element elementor-element-1ce8eeb6\" data-id=\"1ce8eeb6\" data-element_type=\"column\">\n\t\t\t<div class=\"elementor-widget-wrap elementor-element-populated\">\n\t\t\t\t\t\t\t\t<div class=\"elementor-element elementor-element-7b7ceccb elementor-widget elementor-widget-image\" data-id=\"7b7ceccb\" data-element_type=\"widget\" data-widget_type=\"image.default\">\n\t\t\t\t<div class=\"elementor-widget-container\">\n\t\t\t\t\t\t\t\t\t\t\t\t\t\t\t<img loading=\"lazy\" decoding=\"async\" width=\"768\" height=\"576\" src=\"https:\/\/www.confeitandoboloscomamor.com.br\/wp-content\/uploads\/2022\/05\/WhatsApp-Image-2022-01-06-at-12.19.17.jpg\" class=\"attachment-large size-large\" alt=\"\" srcset=\"https:\/\/www.confeitandoboloscomamor.com.br\/wp-content\/uploads\/2022\/05\/WhatsApp-Image-2022-01-06-at-12.19.17.jpg 768w, https:\/\/www.confeitandoboloscomamor.com.br\/wp-content\/uploads\/2022\/05\/WhatsApp-Image-2022-01-06-at-12.19.17-300x225.jpg 300w\" sizes=\"auto, (max-width: 768px) 100vw, 768px\" \/>\t\t\t\t\t\t\t\t\t\t\t\t\t\t\t<\/div>\n\t\t\t\t<\/div>\n\t\t\t\t\t<\/div>\n\t\t<\/div>\n\t\t\t\t<div class=\"elementor-column elementor-col-50 elementor-inner-column elementor-element elementor-element-4220fca0\" data-id=\"4220fca0\" data-element_type=\"column\">\n\t\t\t<div class=\"elementor-widget-wrap elementor-element-populated\">\n\t\t\t\t\t\t\t\t<div class=\"elementor-element elementor-element-4f5cc4fa elementor-widget elementor-widget-text-editor\" data-id=\"4f5cc4fa\" data-element_type=\"widget\" data-widget_type=\"text-editor.default\">\n\t\t\t\t<div class=\"elementor-widget-container\">\n\t\t\t\t\t\t\t<div data-pm-slice=\"1 1 []\" data-en-clipboard=\"true\"><span style=\"color: #ff00ff;\">Marrara Bortoloti<\/span> <span style=\"color: #333333;\">transformou a pr\u00f3pria realidade atrav\u00e9s da confeitaria iniciando com pouco investimento e poucos recursos, virou uma empreendedora de sucesso e uma verdadeira especialista no ramo da confeitaria.<\/span><\/div><div data-pm-slice=\"1 1 []\" data-en-clipboard=\"true\">\u00a0<\/div><div data-pm-slice=\"1 1 []\" data-en-clipboard=\"true\"><span style=\"color: #333333;\"> Criadora de v\u00e1rios cursos online e apostilas de confeitaria que j\u00e1 transformaram a vida de muitas pessoas. Foi professora de mais de 50 mil alunas somando todos os seus cursos e apostilas. <\/span><\/div><div data-pm-slice=\"1 1 []\" data-en-clipboard=\"true\">\u00a0<\/div><div data-pm-slice=\"1 1 []\" data-en-clipboard=\"true\"><span style=\"color: #333333;\">E agora, vai clarear sua mente e te ensinar o que \u00e9 necess\u00e1rio para fazer lindos bolos em chantininho com simplicidade e pr\u00e1ticidade.<\/span><\/div>\t\t\t\t\t\t<\/div>\n\t\t\t\t<\/div>\n\t\t\t\t\t<\/div>\n\t\t<\/div>\n\t\t\t\t\t\t\t<\/div>\n\t\t<\/section>\n\t\t\t\t\t<\/div>\n\t\t<\/div>\n\t\t\t\t\t\t\t<\/div>\n\t\t<\/section>\n\t\t\t\t\t\t\t<\/div>\n\t\t","protected":false},"excerpt":{"rendered":"<p>SEMANA MEU BOLO PERFEITO EM 5 DIAScom Marrara Bortoloti Descubra como fazer sucesso com bolos em chantininho, utilizando apenas uma massa, um recheio estruturado e um \u00fanico bico de confeitar. ONLINE, GRATUITO E DIRETO AO PONTO TOQUE AQUI E ENTRE NO GRUPO PARA PARTICIPAR De acordo com a lei 12.965\/2014 e 13.709\/2018, autorizo Marrara Bortoloti &hellip;<\/p>\n<p class=\"read-more\"> <a class=\"\" href=\"https:\/\/www.confeitandoboloscomamor.com.br\/?page_id=60\"> <span class=\"screen-reader-text\">Escola De Bolos BY Marrara<\/span> Read More &raquo;<\/a><\/p>\n","protected":false},"author":1,"featured_media":0,"parent":0,"menu_order":0,"comment_status":"closed","ping_status":"closed","template":"","meta":{"site-sidebar-layout":"no-sidebar","site-content-layout":"page-builder","ast-global-header-display":"disabled","ast-main-header-display":"","ast-hfb-above-header-display":"","ast-hfb-below-header-display":"","ast-hfb-mobile-header-display":"","site-post-title":"disabled","ast-breadcrumbs-content":"","ast-featured-img":"disabled","footer-sml-layout":"disabled","theme-transparent-header-meta":"","adv-header-id-meta":null,"stick-header-meta":null,"header-above-stick-meta":null,"header-main-stick-meta":null,"header-below-stick-meta":null,"footnotes":""},"class_list":["post-60","page","type-page","status-publish","hentry"],"uagb_featured_image_src":{"full":false,"thumbnail":false,"medium":false,"medium_large":false,"large":false,"1536x1536":false,"2048x2048":false},"uagb_author_info":{"display_name":"silvana","author_link":"https:\/\/www.confeitandoboloscomamor.com.br\/?author=1"},"uagb_comment_info":0,"uagb_excerpt":"SEMANA MEU BOLO PERFEITO EM 5 DIAScom Marrara Bortoloti Descubra como fazer sucesso com bolos em chantininho, utilizando apenas uma massa, um recheio estruturado e um \u00fanico bico de confeitar. ONLINE, GRATUITO E DIRETO AO PONTO TOQUE AQUI E ENTRE NO GRUPO PARA PARTICIPAR De acordo com a lei 12.965\/2014 e 13.709\/2018, autorizo Marrara Bortoloti&hellip;","_links":{"self":[{"href":"https:\/\/www.confeitandoboloscomamor.com.br\/index.php?rest_route=\/wp\/v2\/pages\/60","targetHints":{"allow":["GET"]}}],"collection":[{"href":"https:\/\/www.confeitandoboloscomamor.com.br\/index.php?rest_route=\/wp\/v2\/pages"}],"about":[{"href":"https:\/\/www.confeitandoboloscomamor.com.br\/index.php?rest_route=\/wp\/v2\/types\/page"}],"author":[{"embeddable":true,"href":"https:\/\/www.confeitandoboloscomamor.com.br\/index.php?rest_route=\/wp\/v2\/users\/1"}],"replies":[{"embeddable":true,"href":"https:\/\/www.confeitandoboloscomamor.com.br\/index.php?rest_route=%2Fwp%2Fv2%2Fcomments&post=60"}],"version-history":[{"count":11,"href":"https:\/\/www.confeitandoboloscomamor.com.br\/index.php?rest_route=\/wp\/v2\/pages\/60\/revisions"}],"predecessor-version":[{"id":98,"href":"https:\/\/www.confeitandoboloscomamor.com.br\/index.php?rest_route=\/wp\/v2\/pages\/60\/revisions\/98"}],"wp:attachment":[{"href":"https:\/\/www.confeitandoboloscomamor.com.br\/index.php?rest_route=%2Fwp%2Fv2%2Fmedia&parent=60"}],"curies":[{"name":"wp","href":"https:\/\/api.w.org\/{rel}","templated":true}]}}