{"id":279,"date":"2023-06-07T14:01:54","date_gmt":"2023-06-07T17:01:54","guid":{"rendered":"https:\/\/confeitandoboloscomamor.com.br\/?page_id=279"},"modified":"2023-10-11T14:03:19","modified_gmt":"2023-10-11T17:03:19","slug":"inscricao","status":"publish","type":"page","link":"https:\/\/www.confeitandoboloscomamor.com.br\/?page_id=279","title":{"rendered":"bolos caseiros"},"content":{"rendered":"\t\t<div data-elementor-type=\"wp-page\" data-elementor-id=\"279\" class=\"elementor elementor-279\">\n\t\t\t\t\t\t\t\t\t<section class=\"elementor-section elementor-top-section elementor-element elementor-element-44fc10ef elementor-section-boxed elementor-section-height-default elementor-section-height-default\" data-id=\"44fc10ef\" data-element_type=\"section\" data-settings=\"{&quot;background_background&quot;:&quot;classic&quot;,&quot;shape_divider_bottom&quot;:&quot;mountains&quot;}\">\n\t\t\t\t\t<div class=\"elementor-shape elementor-shape-bottom\" data-negative=\"false\">\n\t\t\t<svg xmlns=\"http:\/\/www.w3.org\/2000\/svg\" viewBox=\"0 0 1000 100\" preserveAspectRatio=\"none\">\n\t<path class=\"elementor-shape-fill\" opacity=\"0.33\" d=\"M473,67.3c-203.9,88.3-263.1-34-320.3,0C66,119.1,0,59.7,0,59.7V0h1000v59.7 c0,0-62.1,26.1-94.9,29.3c-32.8,3.3-62.8-12.3-75.8-22.1C806,49.6,745.3,8.7,694.9,4.7S492.4,59,473,67.3z\"\/>\n\t<path class=\"elementor-shape-fill\" opacity=\"0.66\" d=\"M734,67.3c-45.5,0-77.2-23.2-129.1-39.1c-28.6-8.7-150.3-10.1-254,39.1 s-91.7-34.4-149.2,0C115.7,118.3,0,39.8,0,39.8V0h1000v36.5c0,0-28.2-18.5-92.1-18.5C810.2,18.1,775.7,67.3,734,67.3z\"\/>\n\t<path class=\"elementor-shape-fill\" d=\"M766.1,28.9c-200-57.5-266,65.5-395.1,19.5C242,1.8,242,5.4,184.8,20.6C128,35.8,132.3,44.9,89.9,52.5C28.6,63.7,0,0,0,0 h1000c0,0-9.9,40.9-83.6,48.1S829.6,47,766.1,28.9z\"\/>\n<\/svg>\t\t<\/div>\n\t\t\t\t\t<div class=\"elementor-container elementor-column-gap-default\">\n\t\t\t\t\t<div class=\"elementor-column elementor-col-100 elementor-top-column elementor-element elementor-element-661a1dd0\" data-id=\"661a1dd0\" data-element_type=\"column\">\n\t\t\t<div class=\"elementor-widget-wrap elementor-element-populated\">\n\t\t\t\t\t\t\t\t<section class=\"elementor-section elementor-inner-section elementor-element elementor-element-530345e9 elementor-section-boxed elementor-section-height-default elementor-section-height-default\" data-id=\"530345e9\" data-element_type=\"section\">\n\t\t\t\t\t\t<div class=\"elementor-container elementor-column-gap-default\">\n\t\t\t\t\t<div class=\"elementor-column elementor-col-50 elementor-inner-column elementor-element elementor-element-122705c5\" data-id=\"122705c5\" data-element_type=\"column\">\n\t\t\t<div class=\"elementor-widget-wrap elementor-element-populated\">\n\t\t\t\t\t\t\t\t<div class=\"elementor-element elementor-element-df0da34 elementor-hidden-phone elementor-widget elementor-widget-image\" data-id=\"df0da34\" data-element_type=\"widget\" data-widget_type=\"image.default\">\n\t\t\t\t<div class=\"elementor-widget-container\">\n\t\t\t<style>\/*! elementor - v3.6.5 - 27-04-2022 *\/\n.elementor-widget-image{text-align:center}.elementor-widget-image a{display:inline-block}.elementor-widget-image a img[src$=\".svg\"]{width:48px}.elementor-widget-image img{vertical-align:middle;display:inline-block}<\/style>\t\t\t\t\t\t\t\t\t\t\t\t<img loading=\"lazy\" decoding=\"async\" width=\"1024\" height=\"576\" src=\"https:\/\/www.confeitandoboloscomamor.com.br\/wp-content\/uploads\/2023\/06\/logo-1024x576.png\" class=\"attachment-large size-large\" alt=\"\" srcset=\"https:\/\/www.confeitandoboloscomamor.com.br\/wp-content\/uploads\/2023\/06\/logo-1024x576.png 1024w, https:\/\/www.confeitandoboloscomamor.com.br\/wp-content\/uploads\/2023\/06\/logo-300x169.png 300w, https:\/\/www.confeitandoboloscomamor.com.br\/wp-content\/uploads\/2023\/06\/logo-768x432.png 768w, https:\/\/www.confeitandoboloscomamor.com.br\/wp-content\/uploads\/2023\/06\/logo.png 1280w\" sizes=\"auto, (max-width: 1024px) 100vw, 1024px\" \/>\t\t\t\t\t\t\t\t\t\t\t\t\t\t\t<\/div>\n\t\t\t\t<\/div>\n\t\t\t\t<div class=\"elementor-element elementor-element-77b13b8c elementor-hidden-desktop elementor-hidden-tablet elementor-widget elementor-widget-image\" data-id=\"77b13b8c\" data-element_type=\"widget\" data-widget_type=\"image.default\">\n\t\t\t\t<div class=\"elementor-widget-container\">\n\t\t\t\t\t\t\t\t\t\t\t\t\t\t\t<img loading=\"lazy\" decoding=\"async\" width=\"1024\" height=\"576\" src=\"https:\/\/www.confeitandoboloscomamor.com.br\/wp-content\/uploads\/2023\/06\/logo-2-1-1024x576.png\" class=\"attachment-large size-large\" alt=\"\" srcset=\"https:\/\/www.confeitandoboloscomamor.com.br\/wp-content\/uploads\/2023\/06\/logo-2-1-1024x576.png 1024w, https:\/\/www.confeitandoboloscomamor.com.br\/wp-content\/uploads\/2023\/06\/logo-2-1-300x169.png 300w, https:\/\/www.confeitandoboloscomamor.com.br\/wp-content\/uploads\/2023\/06\/logo-2-1-768x432.png 768w, https:\/\/www.confeitandoboloscomamor.com.br\/wp-content\/uploads\/2023\/06\/logo-2-1.png 1280w\" sizes=\"auto, (max-width: 1024px) 100vw, 1024px\" \/>\t\t\t\t\t\t\t\t\t\t\t\t\t\t\t<\/div>\n\t\t\t\t<\/div>\n\t\t\t\t<div class=\"elementor-element elementor-element-2f8e6c13 elementor-widget elementor-widget-text-editor\" data-id=\"2f8e6c13\" data-element_type=\"widget\" data-widget_type=\"text-editor.default\">\n\t\t\t\t<div class=\"elementor-widget-container\">\n\t\t\t<style>\/*! elementor - v3.6.5 - 27-04-2022 *\/\n.elementor-widget-text-editor.elementor-drop-cap-view-stacked .elementor-drop-cap{background-color:#818a91;color:#fff}.elementor-widget-text-editor.elementor-drop-cap-view-framed .elementor-drop-cap{color:#818a91;border:3px solid;background-color:transparent}.elementor-widget-text-editor:not(.elementor-drop-cap-view-default) .elementor-drop-cap{margin-top:8px}.elementor-widget-text-editor:not(.elementor-drop-cap-view-default) .elementor-drop-cap-letter{width:1em;height:1em}.elementor-widget-text-editor .elementor-drop-cap{float:left;text-align:center;line-height:1;font-size:50px}.elementor-widget-text-editor .elementor-drop-cap-letter{display:inline-block}<\/style>\t\t\t\t<p>Descubra o passo a passo para produzir e vender bolos caseiros irresist\u00edveis todos os dias<\/p>\t\t\t\t\t\t<\/div>\n\t\t\t\t<\/div>\n\t\t\t\t<div class=\"elementor-element elementor-element-156353bc elementor-widget elementor-widget-text-editor\" data-id=\"156353bc\" data-element_type=\"widget\" data-widget_type=\"text-editor.default\">\n\t\t\t\t<div class=\"elementor-widget-container\">\n\t\t\t\t\t\t\t<p>Essa \u00e9 a oportunidade para iniciar um neg\u00f3cio ai na cozinha da sua casa com pouco investimento!<\/p>\t\t\t\t\t\t<\/div>\n\t\t\t\t<\/div>\n\t\t\t\t<div class=\"elementor-element elementor-element-10872077 elementor-align-left elementor-widget elementor-widget-button\" data-id=\"10872077\" data-element_type=\"widget\" data-widget_type=\"button.default\">\n\t\t\t\t<div class=\"elementor-widget-container\">\n\t\t\t\t\t<div class=\"elementor-button-wrapper\">\n\t\t\t<a href=\"https:\/\/chat.whatsapp.com\/F6bfXJeckN81GFYVj1Sfwp\" class=\"elementor-button-link elementor-button elementor-size-sm\" role=\"button\">\n\t\t\t\t\t\t<span class=\"elementor-button-content-wrapper\">\n\t\t\t\t\t\t<span class=\"elementor-button-text\">Toque aqui para garantir sua vaga!<\/span>\n\t\t<\/span>\n\t\t\t\t\t<\/a>\n\t\t<\/div>\n\t\t\t\t<\/div>\n\t\t\t\t<\/div>\n\t\t\t\t<div class=\"elementor-element elementor-element-d75ae9b elementor-widget elementor-widget-text-editor\" data-id=\"d75ae9b\" data-element_type=\"widget\" data-widget_type=\"text-editor.default\">\n\t\t\t\t<div class=\"elementor-widget-container\">\n\t\t\t\t\t\t\t<p>De acordo com a lei 12.965\/2014 e 13.709\/2018, autorizo Marrara Bortolorti a enviar comunica\u00e7\u00f5es por whatsapp ou qualquer outro meio e concordo com a sua pol\u00edtica de privacidade.<\/p>\t\t\t\t\t\t<\/div>\n\t\t\t\t<\/div>\n\t\t\t\t\t<\/div>\n\t\t<\/div>\n\t\t\t\t<div class=\"elementor-column elementor-col-50 elementor-inner-column elementor-element elementor-element-18f9dcde\" data-id=\"18f9dcde\" data-element_type=\"column\">\n\t\t\t<div class=\"elementor-widget-wrap elementor-element-populated\">\n\t\t\t\t\t\t\t\t<div class=\"elementor-element elementor-element-5642343b elementor-hidden-phone elementor-widget elementor-widget-image\" data-id=\"5642343b\" data-element_type=\"widget\" data-widget_type=\"image.default\">\n\t\t\t\t<div class=\"elementor-widget-container\">\n\t\t\t\t\t\t\t\t\t\t\t\t\t\t\t<img loading=\"lazy\" decoding=\"async\" width=\"819\" height=\"1024\" src=\"https:\/\/www.confeitandoboloscomamor.com.br\/wp-content\/uploads\/2023\/06\/Design-sem-nome-819x1024.png\" class=\"attachment-large size-large\" alt=\"\" srcset=\"https:\/\/www.confeitandoboloscomamor.com.br\/wp-content\/uploads\/2023\/06\/Design-sem-nome-819x1024.png 819w, https:\/\/www.confeitandoboloscomamor.com.br\/wp-content\/uploads\/2023\/06\/Design-sem-nome-240x300.png 240w, https:\/\/www.confeitandoboloscomamor.com.br\/wp-content\/uploads\/2023\/06\/Design-sem-nome-768x960.png 768w, https:\/\/www.confeitandoboloscomamor.com.br\/wp-content\/uploads\/2023\/06\/Design-sem-nome.png 1080w\" sizes=\"auto, (max-width: 819px) 100vw, 819px\" \/>\t\t\t\t\t\t\t\t\t\t\t\t\t\t\t<\/div>\n\t\t\t\t<\/div>\n\t\t\t\t\t<\/div>\n\t\t<\/div>\n\t\t\t\t\t\t\t<\/div>\n\t\t<\/section>\n\t\t\t\t\t<\/div>\n\t\t<\/div>\n\t\t\t\t\t\t\t<\/div>\n\t\t<\/section>\n\t\t\t\t<section class=\"elementor-section elementor-top-section elementor-element elementor-element-28531fec elementor-section-boxed elementor-section-height-default elementor-section-height-default\" data-id=\"28531fec\" data-element_type=\"section\" data-settings=\"{&quot;background_background&quot;:&quot;classic&quot;}\">\n\t\t\t\t\t\t<div class=\"elementor-container elementor-column-gap-default\">\n\t\t\t\t\t<div class=\"elementor-column elementor-col-100 elementor-top-column elementor-element elementor-element-fdd844e\" data-id=\"fdd844e\" data-element_type=\"column\">\n\t\t\t<div class=\"elementor-widget-wrap elementor-element-populated\">\n\t\t\t\t\t\t\t\t<div class=\"elementor-element elementor-element-5b4d359e elementor-widget elementor-widget-text-editor\" data-id=\"5b4d359e\" data-element_type=\"widget\" data-widget_type=\"text-editor.default\">\n\t\t\t\t<div class=\"elementor-widget-container\">\n\t\t\t\t\t\t\t<p>COMO VAI FUNCIONAR ESSE EVENTO?<\/p>\t\t\t\t\t\t<\/div>\n\t\t\t\t<\/div>\n\t\t\t\t<div class=\"elementor-element elementor-element-52df4536 elementor-widget elementor-widget-text-editor\" data-id=\"52df4536\" data-element_type=\"widget\" data-widget_type=\"text-editor.default\">\n\t\t\t\t<div class=\"elementor-widget-container\">\n\t\t\t\t\t\t\t<p>Ser\u00e3o 3 aulas onde voc\u00ea ter\u00e1 a oportunidade \u00fanica de aprender no passo a passo a produzir e vender bolos caseiros todos os dias!<\/p>\t\t\t\t\t\t<\/div>\n\t\t\t\t<\/div>\n\t\t\t\t<div class=\"elementor-element elementor-element-36c3b23 elementor-hidden-desktop elementor-hidden-tablet elementor-widget elementor-widget-image\" data-id=\"36c3b23\" data-element_type=\"widget\" data-widget_type=\"image.default\">\n\t\t\t\t<div class=\"elementor-widget-container\">\n\t\t\t\t\t\t\t\t\t\t\t\t\t\t\t<img loading=\"lazy\" decoding=\"async\" width=\"1024\" height=\"576\" src=\"https:\/\/www.confeitandoboloscomamor.com.br\/wp-content\/uploads\/2023\/06\/Inserir-um-titulo-1024x576.png\" class=\"attachment-large size-large\" alt=\"\" srcset=\"https:\/\/www.confeitandoboloscomamor.com.br\/wp-content\/uploads\/2023\/06\/Inserir-um-titulo-1024x576.png 1024w, https:\/\/www.confeitandoboloscomamor.com.br\/wp-content\/uploads\/2023\/06\/Inserir-um-titulo-300x169.png 300w, https:\/\/www.confeitandoboloscomamor.com.br\/wp-content\/uploads\/2023\/06\/Inserir-um-titulo-768x432.png 768w, https:\/\/www.confeitandoboloscomamor.com.br\/wp-content\/uploads\/2023\/06\/Inserir-um-titulo.png 1280w\" sizes=\"auto, (max-width: 1024px) 100vw, 1024px\" \/>\t\t\t\t\t\t\t\t\t\t\t\t\t\t\t<\/div>\n\t\t\t\t<\/div>\n\t\t\t\t\t<\/div>\n\t\t<\/div>\n\t\t\t\t\t\t\t<\/div>\n\t\t<\/section>\n\t\t\t\t<section class=\"elementor-section elementor-top-section elementor-element elementor-element-78143b32 elementor-section-boxed elementor-section-height-default elementor-section-height-default\" data-id=\"78143b32\" data-element_type=\"section\" data-settings=\"{&quot;background_background&quot;:&quot;classic&quot;,&quot;shape_divider_top&quot;:&quot;mountains&quot;}\">\n\t\t\t\t\t<div class=\"elementor-shape elementor-shape-top\" data-negative=\"false\">\n\t\t\t<svg xmlns=\"http:\/\/www.w3.org\/2000\/svg\" viewBox=\"0 0 1000 100\" preserveAspectRatio=\"none\">\n\t<path class=\"elementor-shape-fill\" opacity=\"0.33\" d=\"M473,67.3c-203.9,88.3-263.1-34-320.3,0C66,119.1,0,59.7,0,59.7V0h1000v59.7 c0,0-62.1,26.1-94.9,29.3c-32.8,3.3-62.8-12.3-75.8-22.1C806,49.6,745.3,8.7,694.9,4.7S492.4,59,473,67.3z\"\/>\n\t<path class=\"elementor-shape-fill\" opacity=\"0.66\" d=\"M734,67.3c-45.5,0-77.2-23.2-129.1-39.1c-28.6-8.7-150.3-10.1-254,39.1 s-91.7-34.4-149.2,0C115.7,118.3,0,39.8,0,39.8V0h1000v36.5c0,0-28.2-18.5-92.1-18.5C810.2,18.1,775.7,67.3,734,67.3z\"\/>\n\t<path class=\"elementor-shape-fill\" d=\"M766.1,28.9c-200-57.5-266,65.5-395.1,19.5C242,1.8,242,5.4,184.8,20.6C128,35.8,132.3,44.9,89.9,52.5C28.6,63.7,0,0,0,0 h1000c0,0-9.9,40.9-83.6,48.1S829.6,47,766.1,28.9z\"\/>\n<\/svg>\t\t<\/div>\n\t\t\t\t\t<div class=\"elementor-container elementor-column-gap-default\">\n\t\t\t\t\t<div class=\"elementor-column elementor-col-100 elementor-top-column elementor-element elementor-element-2fcbdedb\" data-id=\"2fcbdedb\" data-element_type=\"column\">\n\t\t\t<div class=\"elementor-widget-wrap elementor-element-populated\">\n\t\t\t\t\t\t\t\t<div class=\"elementor-element elementor-element-4139597b elementor-widget elementor-widget-text-editor\" data-id=\"4139597b\" data-element_type=\"widget\" data-widget_type=\"text-editor.default\">\n\t\t\t\t<div class=\"elementor-widget-container\">\n\t\t\t\t\t\t\t<p>SUA MENTORA<\/p>\t\t\t\t\t\t<\/div>\n\t\t\t\t<\/div>\n\t\t\t\t<section class=\"elementor-section elementor-inner-section elementor-element elementor-element-a187e12 elementor-section-boxed elementor-section-height-default elementor-section-height-default\" data-id=\"a187e12\" data-element_type=\"section\">\n\t\t\t\t\t\t<div class=\"elementor-container elementor-column-gap-default\">\n\t\t\t\t\t<div class=\"elementor-column elementor-col-50 elementor-inner-column elementor-element elementor-element-6f93100b\" data-id=\"6f93100b\" data-element_type=\"column\">\n\t\t\t<div class=\"elementor-widget-wrap elementor-element-populated\">\n\t\t\t\t\t\t\t\t<div class=\"elementor-element elementor-element-60cd5ab3 elementor-widget elementor-widget-text-editor\" data-id=\"60cd5ab3\" data-element_type=\"widget\" data-widget_type=\"text-editor.default\">\n\t\t\t\t<div class=\"elementor-widget-container\">\n\t\t\t\t\t\t\t<p>Marrara Bortoloti\u00a0transformou a pr\u00f3pria realidade atrav\u00e9s da confeitaria iniciando com pouco investimento e poucos recursos, virou uma empreendedora de sucesso e uma verdadeira especialista no ramo da confeitaria.<\/p><p>Criadora de v\u00e1rios cursos online e apostilas de confeitaria que j\u00e1 transformaram a vida de muitas pessoas. Foi professora de mais de 200 mil alunas somando todos os seus cursos e apostilas.<\/p><p>E agora, vai encurtar seu caminho rumo ao sucesso na confeitaria te ensinando a produzir e vender bolos caseiros da vov\u00f3 todos os dias!<\/p>\t\t\t\t\t\t<\/div>\n\t\t\t\t<\/div>\n\t\t\t\t\t<\/div>\n\t\t<\/div>\n\t\t\t\t<div class=\"elementor-column elementor-col-50 elementor-inner-column elementor-element elementor-element-36f59710\" data-id=\"36f59710\" data-element_type=\"column\">\n\t\t\t<div class=\"elementor-widget-wrap elementor-element-populated\">\n\t\t\t\t\t\t\t\t<div class=\"elementor-element elementor-element-5c83fb6e elementor-widget elementor-widget-image\" data-id=\"5c83fb6e\" data-element_type=\"widget\" data-widget_type=\"image.default\">\n\t\t\t\t<div class=\"elementor-widget-container\">\n\t\t\t\t\t\t\t\t\t\t\t\t\t\t\t<img loading=\"lazy\" decoding=\"async\" width=\"1024\" height=\"768\" src=\"https:\/\/www.confeitandoboloscomamor.com.br\/wp-content\/uploads\/2023\/06\/PHOTO-2023-05-25-12-50-14-1024x768.jpg\" class=\"attachment-large size-large\" alt=\"\" srcset=\"https:\/\/www.confeitandoboloscomamor.com.br\/wp-content\/uploads\/2023\/06\/PHOTO-2023-05-25-12-50-14-1024x768.jpg 1024w, https:\/\/www.confeitandoboloscomamor.com.br\/wp-content\/uploads\/2023\/06\/PHOTO-2023-05-25-12-50-14-300x225.jpg 300w, https:\/\/www.confeitandoboloscomamor.com.br\/wp-content\/uploads\/2023\/06\/PHOTO-2023-05-25-12-50-14-768x576.jpg 768w, https:\/\/www.confeitandoboloscomamor.com.br\/wp-content\/uploads\/2023\/06\/PHOTO-2023-05-25-12-50-14-1536x1152.jpg 1536w, https:\/\/www.confeitandoboloscomamor.com.br\/wp-content\/uploads\/2023\/06\/PHOTO-2023-05-25-12-50-14.jpg 1600w\" sizes=\"auto, (max-width: 1024px) 100vw, 1024px\" \/>\t\t\t\t\t\t\t\t\t\t\t\t\t\t\t<\/div>\n\t\t\t\t<\/div>\n\t\t\t\t\t<\/div>\n\t\t<\/div>\n\t\t\t\t\t\t\t<\/div>\n\t\t<\/section>\n\t\t\t\t\t<\/div>\n\t\t<\/div>\n\t\t\t\t\t\t\t<\/div>\n\t\t<\/section>\n\t\t\t\t\t\t\t<\/div>\n\t\t","protected":false},"excerpt":{"rendered":"<p>Descubra o passo a passo para produzir e vender bolos caseiros irresist\u00edveis todos os dias Essa \u00e9 a oportunidade para iniciar um neg\u00f3cio ai na cozinha da sua casa com pouco investimento! Toque aqui para garantir sua vaga! De acordo com a lei 12.965\/2014 e 13.709\/2018, autorizo Marrara Bortolorti a enviar comunica\u00e7\u00f5es por whatsapp ou &hellip;<\/p>\n<p class=\"read-more\"> <a class=\"\" href=\"https:\/\/www.confeitandoboloscomamor.com.br\/?page_id=279\"> <span class=\"screen-reader-text\">bolos caseiros<\/span> Read More &raquo;<\/a><\/p>\n","protected":false},"author":1,"featured_media":0,"parent":0,"menu_order":0,"comment_status":"closed","ping_status":"closed","template":"","meta":{"site-sidebar-layout":"no-sidebar","site-content-layout":"page-builder","ast-global-header-display":"disabled","ast-main-header-display":"","ast-hfb-above-header-display":"","ast-hfb-below-header-display":"","ast-hfb-mobile-header-display":"","site-post-title":"disabled","ast-breadcrumbs-content":"","ast-featured-img":"disabled","footer-sml-layout":"disabled","theme-transparent-header-meta":"","adv-header-id-meta":null,"stick-header-meta":null,"header-above-stick-meta":null,"header-main-stick-meta":null,"header-below-stick-meta":null,"footnotes":""},"class_list":["post-279","page","type-page","status-publish","hentry"],"uagb_featured_image_src":{"full":false,"thumbnail":false,"medium":false,"medium_large":false,"large":false,"1536x1536":false,"2048x2048":false},"uagb_author_info":{"display_name":"silvana","author_link":"https:\/\/www.confeitandoboloscomamor.com.br\/?author=1"},"uagb_comment_info":0,"uagb_excerpt":"Descubra o passo a passo para produzir e vender bolos caseiros irresist\u00edveis todos os dias Essa \u00e9 a oportunidade para iniciar um neg\u00f3cio ai na cozinha da sua casa com pouco investimento! Toque aqui para garantir sua vaga! De acordo com a lei 12.965\/2014 e 13.709\/2018, autorizo Marrara Bortolorti a enviar comunica\u00e7\u00f5es por whatsapp ou&hellip;","_links":{"self":[{"href":"https:\/\/www.confeitandoboloscomamor.com.br\/index.php?rest_route=\/wp\/v2\/pages\/279","targetHints":{"allow":["GET"]}}],"collection":[{"href":"https:\/\/www.confeitandoboloscomamor.com.br\/index.php?rest_route=\/wp\/v2\/pages"}],"about":[{"href":"https:\/\/www.confeitandoboloscomamor.com.br\/index.php?rest_route=\/wp\/v2\/types\/page"}],"author":[{"embeddable":true,"href":"https:\/\/www.confeitandoboloscomamor.com.br\/index.php?rest_route=\/wp\/v2\/users\/1"}],"replies":[{"embeddable":true,"href":"https:\/\/www.confeitandoboloscomamor.com.br\/index.php?rest_route=%2Fwp%2Fv2%2Fcomments&post=279"}],"version-history":[{"count":17,"href":"https:\/\/www.confeitandoboloscomamor.com.br\/index.php?rest_route=\/wp\/v2\/pages\/279\/revisions"}],"predecessor-version":[{"id":461,"href":"https:\/\/www.confeitandoboloscomamor.com.br\/index.php?rest_route=\/wp\/v2\/pages\/279\/revisions\/461"}],"wp:attachment":[{"href":"https:\/\/www.confeitandoboloscomamor.com.br\/index.php?rest_route=%2Fwp%2Fv2%2Fmedia&parent=279"}],"curies":[{"name":"wp","href":"https:\/\/api.w.org\/{rel}","templated":true}]}}